{"id":991,"date":"2019-06-13T14:59:46","date_gmt":"2019-06-13T12:59:46","guid":{"rendered":"http:\/\/marinadragos.org\/?page_id=991"},"modified":"2019-06-13T15:13:56","modified_gmt":"2019-06-13T13:13:56","slug":"2019-laser-istanbul-sampiyonasi","status":"publish","type":"page","link":"https:\/\/marinadragos.org\/index.php\/2019-laser-istanbul-sampiyonasi\/","title":{"rendered":"2019 Laser \u0130stanbul \u015eampiyonas\u0131"},"content":{"rendered":"\n<p>Denizcilik Bayram\u0131 Haftas\u0131 etkinlikleri i\u00e7inde yer alan 2019 Laser \u0130stanbul \u015eampiyonas\u0131 29, 30 Haziran, 1 Temmuz tarihlerinde Kul\u00fcb\u00fcm\u00fcz ev sahipli\u011finde yap\u0131lacak. Laser, Laser Radial ve Laser 4.7 s\u0131n\u0131flar\u0131nda \u0130stanbul \u015fampiyonlar\u0131n\u0131n belli olaca\u011f\u0131 bu yar\u0131\u015flarda ayr\u0131ca yap\u0131labilen ilk iki yar\u0131\u015f sonucuna g\u00f6re Kartal Belediye Ba\u015fkanl\u0131\u011f\u0131 Kupalar\u0131 ve her yar\u0131\u015f g\u00fcn\u00fcn\u00fcn yap\u0131labilen ilk yar\u0131\u015f sonu\u00e7lar\u0131na g\u00f6re de Deniz Ticaret Odas\u0131 Kupalar\u0131 sahiplerini bulacak.<\/p>\n\n\n\n<p>Yar\u0131\u015f ilan\u0131 i\u00e7in <a href=\"http:\/\/marinadragos.org\/wp-content\/uploads\/2019\/06\/Yaris-Ilani-2019-Laser-Istanbul-Sampiyonasi.pdf\" target=\"_blank\" rel=\"noreferrer noopener\" aria-label=\"t\u0131klay\u0131n\u0131z. (yeni sekmede a\u00e7\u0131l\u0131r)\">t\u0131klay\u0131n\u0131z.<\/a><\/p>\n","protected":false},"excerpt":{"rendered":"<p>Denizcilik Bayram\u0131 Haftas\u0131 etkinlikleri i\u00e7inde yer alan 2019 Laser \u0130stanbul \u015eampiyonas\u0131 29, 30 Haziran, 1 Temmuz tarihlerinde Kul\u00fcb\u00fcm\u00fcz ev sahipli\u011finde yap\u0131lacak. Laser, Laser Radial ve Laser 4.7 s\u0131n\u0131flar\u0131nda \u0130stanbul \u015fampiyonlar\u0131n\u0131n&hellip;<\/p>\n","protected":false},"author":1,"featured_media":0,"parent":0,"menu_order":0,"comment_status":"closed","ping_status":"closed","template":"","meta":[],"_links":{"self":[{"href":"https:\/\/marinadragos.org\/index.php\/wp-json\/wp\/v2\/pages\/991"}],"collection":[{"href":"https:\/\/marinadragos.org\/index.php\/wp-json\/wp\/v2\/pages"}],"about":[{"href":"https:\/\/marinadragos.org\/index.php\/wp-json\/wp\/v2\/types\/page"}],"author":[{"embeddable":true,"href":"https:\/\/marinadragos.org\/index.php\/wp-json\/wp\/v2\/users\/1"}],"replies":[{"embeddable":true,"href":"https:\/\/marinadragos.org\/index.php\/wp-json\/wp\/v2\/comments?post=991"}],"version-history":[{"count":3,"href":"https:\/\/marinadragos.org\/index.php\/wp-json\/wp\/v2\/pages\/991\/revisions"}],"predecessor-version":[{"id":996,"href":"https:\/\/marinadragos.org\/index.php\/wp-json\/wp\/v2\/pages\/991\/revisions\/996"}],"wp:attachment":[{"href":"https:\/\/marinadragos.org\/index.php\/wp-json\/wp\/v2\/media?parent=991"}],"curies":[{"name":"wp","href":"https:\/\/api.w.org\/{rel}","templated":true}]}}