{"id":924,"date":"2019-03-09T13:46:05","date_gmt":"2019-03-09T11:46:05","guid":{"rendered":"http:\/\/marinadragos.org\/?page_id=924"},"modified":"2019-03-09T15:41:20","modified_gmt":"2019-03-09T13:41:20","slug":"2019-yarislari","status":"publish","type":"page","link":"https:\/\/marinadragos.org\/index.php\/2019-yarislari\/","title":{"rendered":"2019 Yar\u0131\u015flar\u0131"},"content":{"rendered":"\n<h4>\u0130stanbul Program\u0131 2019<\/h4>\n\n\n\n<figure class=\"wp-block-image\"><img loading=\"lazy\" width=\"644\" height=\"910\" src=\"http:\/\/marinadragos.org\/wp-content\/uploads\/2019\/03\/istanbul-program-2019-1-644x910.jpg\" alt=\"\" class=\"wp-image-934\" srcset=\"https:\/\/marinadragos.org\/wp-content\/uploads\/2019\/03\/istanbul-program-2019-1-644x910.jpg 644w, https:\/\/marinadragos.org\/wp-content\/uploads\/2019\/03\/istanbul-program-2019-1-212x300.jpg 212w, https:\/\/marinadragos.org\/wp-content\/uploads\/2019\/03\/istanbul-program-2019-1-768x1086.jpg 768w, https:\/\/marinadragos.org\/wp-content\/uploads\/2019\/03\/istanbul-program-2019-1.jpg 1654w\" sizes=\"(max-width: 644px) 100vw, 644px\" \/><\/figure>\n\n\n\n<p><br><\/p>\n","protected":false},"excerpt":{"rendered":"<p>\u0130stanbul Program\u0131 2019<\/p>\n","protected":false},"author":1,"featured_media":0,"parent":0,"menu_order":0,"comment_status":"closed","ping_status":"closed","template":"","meta":[],"_links":{"self":[{"href":"https:\/\/marinadragos.org\/index.php\/wp-json\/wp\/v2\/pages\/924"}],"collection":[{"href":"https:\/\/marinadragos.org\/index.php\/wp-json\/wp\/v2\/pages"}],"about":[{"href":"https:\/\/marinadragos.org\/index.php\/wp-json\/wp\/v2\/types\/page"}],"author":[{"embeddable":true,"href":"https:\/\/marinadragos.org\/index.php\/wp-json\/wp\/v2\/users\/1"}],"replies":[{"embeddable":true,"href":"https:\/\/marinadragos.org\/index.php\/wp-json\/wp\/v2\/comments?post=924"}],"version-history":[{"count":4,"href":"https:\/\/marinadragos.org\/index.php\/wp-json\/wp\/v2\/pages\/924\/revisions"}],"predecessor-version":[{"id":935,"href":"https:\/\/marinadragos.org\/index.php\/wp-json\/wp\/v2\/pages\/924\/revisions\/935"}],"wp:attachment":[{"href":"https:\/\/marinadragos.org\/index.php\/wp-json\/wp\/v2\/media?parent=924"}],"curies":[{"name":"wp","href":"https:\/\/api.w.org\/{rel}","templated":true}]}}