{"id":863,"date":"2018-07-13T14:17:16","date_gmt":"2018-07-13T12:17:16","guid":{"rendered":"http:\/\/marinadragos.org\/?page_id=863"},"modified":"2018-07-13T14:17:16","modified_gmt":"2018-07-13T12:17:16","slug":"optimist-laser-turkiye-sampiyonasi-2018","status":"publish","type":"page","link":"https:\/\/marinadragos.org\/index.php\/optimist-laser-turkiye-sampiyonasi-2018\/","title":{"rendered":"Optimist Laser T\u00fcrkiye \u015eampiyonas\u0131 2018"},"content":{"rendered":"<p>Optimist Sonu\u00e7<\/p>\n<a href=\"https:\/\/marinadragos.org\/wp-content\/uploads\/2018\/07\/turkiye_samp_optimist_altin_kesin_sonuc_19-05-2018.pdf\" class=\"pdfemb-viewer\" style=\"\" data-width=\"max\" data-height=\"max\"  data-toolbar=\"top\" data-toolbar-fixed=\"off\">turkiye_samp_optimist_altin_kesin_sonuc_19-05-2018<br\/><\/a>\n<p>Laser 4.7 Sonu\u00e7<\/p>\n<a href=\"https:\/\/marinadragos.org\/wp-content\/uploads\/2018\/07\/turkiye_samp_laser_4-7_altin_kesin_sonuc_19-05-2018.pdf\" class=\"pdfemb-viewer\" style=\"\" data-width=\"max\" data-height=\"max\"  data-toolbar=\"top\" data-toolbar-fixed=\"off\">turkiye_samp_laser_4-7_altin_kesin_sonuc_19-05-2018<br\/><\/a>\n<p>Laser 4.7 G\u00fcm\u00fc\u015f Grup Sonu\u00e7<\/p>\n<a href=\"https:\/\/marinadragos.org\/wp-content\/uploads\/2018\/07\/turkiye_samp_laser_4-7_gumus_kesin_sonuc_19-05-2018.pdf\" class=\"pdfemb-viewer\" style=\"\" data-width=\"max\" data-height=\"max\"  data-toolbar=\"top\" data-toolbar-fixed=\"off\">turkiye_samp_laser_4-7_gumus_kesin_sonuc_19-05-2018<br\/><\/a>\n<p>Laser Radial Sonu\u00e7<\/p>\n<a href=\"https:\/\/marinadragos.org\/wp-content\/uploads\/2018\/07\/turkiye_samp_laser_radial_kesin_sonuc_19-05-2018.pdf\" class=\"pdfemb-viewer\" style=\"\" data-width=\"max\" data-height=\"max\"  data-toolbar=\"top\" data-toolbar-fixed=\"off\">turkiye_samp_laser_radial_kesin_sonuc_19-05-2018<br\/><\/a>\n<p>Laser Standart Sonu\u00e7<\/p>\n<a href=\"https:\/\/marinadragos.org\/wp-content\/uploads\/2018\/07\/turkiye_samp_laser_standard_kesin_sonuc_19-05-2018-1.pdf\" class=\"pdfemb-viewer\" style=\"\" data-width=\"max\" data-height=\"max\"  data-toolbar=\"top\" data-toolbar-fixed=\"off\">turkiye_samp_laser_standard_kesin_sonuc_19-05-2018<br\/><\/a>\n","protected":false},"excerpt":{"rendered":"<p>Optimist Sonu\u00e7 Laser 4.7 Sonu\u00e7 Laser 4.7 G\u00fcm\u00fc\u015f Grup Sonu\u00e7 Laser Radial Sonu\u00e7 Laser Standart Sonu\u00e7<\/p>\n","protected":false},"author":1,"featured_media":0,"parent":0,"menu_order":0,"comment_status":"closed","ping_status":"closed","template":"","meta":[],"_links":{"self":[{"href":"https:\/\/marinadragos.org\/index.php\/wp-json\/wp\/v2\/pages\/863"}],"collection":[{"href":"https:\/\/marinadragos.org\/index.php\/wp-json\/wp\/v2\/pages"}],"about":[{"href":"https:\/\/marinadragos.org\/index.php\/wp-json\/wp\/v2\/types\/page"}],"author":[{"embeddable":true,"href":"https:\/\/marinadragos.org\/index.php\/wp-json\/wp\/v2\/users\/1"}],"replies":[{"embeddable":true,"href":"https:\/\/marinadragos.org\/index.php\/wp-json\/wp\/v2\/comments?post=863"}],"version-history":[{"count":1,"href":"https:\/\/marinadragos.org\/index.php\/wp-json\/wp\/v2\/pages\/863\/revisions"}],"predecessor-version":[{"id":864,"href":"https:\/\/marinadragos.org\/index.php\/wp-json\/wp\/v2\/pages\/863\/revisions\/864"}],"wp:attachment":[{"href":"https:\/\/marinadragos.org\/index.php\/wp-json\/wp\/v2\/media?parent=863"}],"curies":[{"name":"wp","href":"https:\/\/api.w.org\/{rel}","templated":true}]}}