{"id":839,"date":"2018-07-12T10:40:42","date_gmt":"2018-07-12T08:40:42","guid":{"rendered":"http:\/\/marinadragos.org\/?page_id=839"},"modified":"2018-07-12T10:44:37","modified_gmt":"2018-07-12T08:44:37","slug":"optimist-istanbul-sampiyonasi","status":"publish","type":"page","link":"https:\/\/marinadragos.org\/index.php\/optimist-istanbul-sampiyonasi\/","title":{"rendered":"Optimist \u0130stanbul \u015eampiyonas\u0131"},"content":{"rendered":"<p>Sonu\u00e7lar<\/p>\n<p><a href=\"http:\/\/marinadragos.org\/wp-content\/uploads\/2018\/07\/Opti-\u0130stanbul.xlsx\">Opti \u0130stanbul<\/a><\/p>\n","protected":false},"excerpt":{"rendered":"<p>Sonu\u00e7lar Opti \u0130stanbul<\/p>\n","protected":false},"author":1,"featured_media":0,"parent":0,"menu_order":0,"comment_status":"closed","ping_status":"closed","template":"","meta":[],"_links":{"self":[{"href":"https:\/\/marinadragos.org\/index.php\/wp-json\/wp\/v2\/pages\/839"}],"collection":[{"href":"https:\/\/marinadragos.org\/index.php\/wp-json\/wp\/v2\/pages"}],"about":[{"href":"https:\/\/marinadragos.org\/index.php\/wp-json\/wp\/v2\/types\/page"}],"author":[{"embeddable":true,"href":"https:\/\/marinadragos.org\/index.php\/wp-json\/wp\/v2\/users\/1"}],"replies":[{"embeddable":true,"href":"https:\/\/marinadragos.org\/index.php\/wp-json\/wp\/v2\/comments?post=839"}],"version-history":[{"count":3,"href":"https:\/\/marinadragos.org\/index.php\/wp-json\/wp\/v2\/pages\/839\/revisions"}],"predecessor-version":[{"id":843,"href":"https:\/\/marinadragos.org\/index.php\/wp-json\/wp\/v2\/pages\/839\/revisions\/843"}],"wp:attachment":[{"href":"https:\/\/marinadragos.org\/index.php\/wp-json\/wp\/v2\/media?parent=839"}],"curies":[{"name":"wp","href":"https:\/\/api.w.org\/{rel}","templated":true}]}}