{"id":828,"date":"2018-07-11T16:16:11","date_gmt":"2018-07-11T14:16:11","guid":{"rendered":"http:\/\/marinadragos.org\/?page_id=828"},"modified":"2018-07-11T17:53:57","modified_gmt":"2018-07-11T15:53:57","slug":"laser-istanbul-sampiyonasi-2","status":"publish","type":"page","link":"https:\/\/marinadragos.org\/index.php\/laser-istanbul-sampiyonasi-2\/","title":{"rendered":"Laser \u0130stanbul \u015eampiyonas\u0131"},"content":{"rendered":"<p>Radial Sonu\u00e7lar<\/p>\n<p><a href=\"http:\/\/marinadragos.org\/wp-content\/uploads\/2018\/07\/Radial-Sonu\u00e7.jpeg\"><img loading=\"lazy\" class=\"aligncenter size-medium wp-image-834\" src=\"http:\/\/marinadragos.org\/wp-content\/uploads\/2018\/07\/Radial-Sonu\u00e7-300x218.jpeg\" alt=\"\" width=\"300\" height=\"218\" srcset=\"https:\/\/marinadragos.org\/wp-content\/uploads\/2018\/07\/Radial-Sonu\u00e7-300x218.jpeg 300w, https:\/\/marinadragos.org\/wp-content\/uploads\/2018\/07\/Radial-Sonu\u00e7-768x558.jpeg 768w, https:\/\/marinadragos.org\/wp-content\/uploads\/2018\/07\/Radial-Sonu\u00e7-644x468.jpeg 644w\" sizes=\"(max-width: 300px) 100vw, 300px\" \/><\/a><\/p>\n<p>&nbsp;<\/p>\n<p>4.7 Sonu\u00e7lar<\/p>\n<p><a href=\"http:\/\/marinadragos.org\/wp-content\/uploads\/2018\/07\/4-7-sonu\u00e7.jpeg\"><img loading=\"lazy\" class=\"aligncenter size-medium wp-image-835\" src=\"http:\/\/marinadragos.org\/wp-content\/uploads\/2018\/07\/4-7-sonu\u00e7-300x218.jpeg\" alt=\"\" width=\"300\" height=\"218\" srcset=\"https:\/\/marinadragos.org\/wp-content\/uploads\/2018\/07\/4-7-sonu\u00e7-300x218.jpeg 300w, https:\/\/marinadragos.org\/wp-content\/uploads\/2018\/07\/4-7-sonu\u00e7-768x558.jpeg 768w, https:\/\/marinadragos.org\/wp-content\/uploads\/2018\/07\/4-7-sonu\u00e7-644x468.jpeg 644w\" sizes=\"(max-width: 300px) 100vw, 300px\" \/><\/a><\/p>\n<p>\u00d6d\u00fcller<\/p>\n<p><a href=\"http:\/\/marinadragos.org\/wp-content\/uploads\/2018\/07\/Laser-\u00d6d\u00fcl-Formu.jpg\"><img loading=\"lazy\" class=\"aligncenter size-medium wp-image-827\" src=\"http:\/\/marinadragos.org\/wp-content\/uploads\/2018\/07\/Laser-\u00d6d\u00fcl-Formu-216x300.jpg\" alt=\"\" width=\"216\" height=\"300\" srcset=\"https:\/\/marinadragos.org\/wp-content\/uploads\/2018\/07\/Laser-\u00d6d\u00fcl-Formu-216x300.jpg 216w, https:\/\/marinadragos.org\/wp-content\/uploads\/2018\/07\/Laser-\u00d6d\u00fcl-Formu-768x1068.jpg 768w, https:\/\/marinadragos.org\/wp-content\/uploads\/2018\/07\/Laser-\u00d6d\u00fcl-Formu-644x896.jpg 644w, https:\/\/marinadragos.org\/wp-content\/uploads\/2018\/07\/Laser-\u00d6d\u00fcl-Formu.jpg 870w\" sizes=\"(max-width: 216px) 100vw, 216px\" \/><\/a><\/p>\n","protected":false},"excerpt":{"rendered":"<p>Radial Sonu\u00e7lar &nbsp; 4.7 Sonu\u00e7lar \u00d6d\u00fcller<\/p>\n","protected":false},"author":1,"featured_media":0,"parent":0,"menu_order":0,"comment_status":"closed","ping_status":"closed","template":"","meta":[],"_links":{"self":[{"href":"https:\/\/marinadragos.org\/index.php\/wp-json\/wp\/v2\/pages\/828"}],"collection":[{"href":"https:\/\/marinadragos.org\/index.php\/wp-json\/wp\/v2\/pages"}],"about":[{"href":"https:\/\/marinadragos.org\/index.php\/wp-json\/wp\/v2\/types\/page"}],"author":[{"embeddable":true,"href":"https:\/\/marinadragos.org\/index.php\/wp-json\/wp\/v2\/users\/1"}],"replies":[{"embeddable":true,"href":"https:\/\/marinadragos.org\/index.php\/wp-json\/wp\/v2\/comments?post=828"}],"version-history":[{"count":2,"href":"https:\/\/marinadragos.org\/index.php\/wp-json\/wp\/v2\/pages\/828\/revisions"}],"predecessor-version":[{"id":836,"href":"https:\/\/marinadragos.org\/index.php\/wp-json\/wp\/v2\/pages\/828\/revisions\/836"}],"wp:attachment":[{"href":"https:\/\/marinadragos.org\/index.php\/wp-json\/wp\/v2\/media?parent=828"}],"curies":[{"name":"wp","href":"https:\/\/api.w.org\/{rel}","templated":true}]}}