{"id":60,"date":"2016-02-19T09:58:01","date_gmt":"2016-02-19T07:58:01","guid":{"rendered":"http:\/\/marinadragos.org\/?page_id=60"},"modified":"2016-03-03T14:51:52","modified_gmt":"2016-03-03T12:51:52","slug":"tarihce","status":"publish","type":"page","link":"https:\/\/marinadragos.org\/index.php\/tarihce\/","title":{"rendered":"Tarih\u00e7emiz"},"content":{"rendered":"<p style=\"text-align: justify;\">1998 y\u0131l\u0131nda kurulan Marina Dragos Yelken \u0130htisas Kul\u00fcb\u00fc, Gen\u00e7lik ve Spor Genel M\u00fcd\u00fcrl\u00fc\u011f\u00fcnce tescil edilmi\u015f ve T\u00fcrkiye Yelken Federasyonuna ba\u011fl\u0131 federe bir kul\u00fcpt\u00fcr.<\/p>\n<p style=\"text-align: justify;\">Ayr\u0131ca Amat\u00f6r Denizcilik Federasyonu \u00fcyesi olan Kul\u00fcb\u00fcm\u00fcz, yelken ve denizcilik e\u011fitimi i\u00e7in gereken her t\u00fcrl\u00fc donan\u0131ma sahiptir.<\/p>\n<p style=\"text-align: justify;\">Kartal il\u00e7esi, Cevizli Orhantepe mevkii, Dragos koyunda faaliyet g\u00f6steren Kul\u00fcb\u00fcm\u00fcz\u00fcn tesislerinde, denizsever k\u00fc\u00e7\u00fcklere temel yelken e\u011fitimi ve\u00a0denizcilik e\u011fitimleri verilmektedir.<\/p>\n<p style=\"text-align: justify;\">Optimist, laser s\u0131n\u0131f\u0131 teknelerde e\u011fitimlerini ba\u015far\u0131yla tamamlayan yelkencilere lisans \u00e7\u0131kar\u0131larak yar\u0131\u015f organizasyonlar\u0131na Kul\u00fcb\u00fcm\u00fcz\u00fc temsilen kat\u0131lmalar\u0131 sa\u011flanmaktad\u0131r.<\/p>\n<p style=\"text-align: justify;\">Kul\u00fcb\u00fcm\u00fcz T\u00fcrkiye Yelken Federasyonu yar\u0131\u015f takviminde yer alan yat ve hareketli salma yar\u0131\u015flar\u0131, ralliler,\u00a0Dino Cup ve Kartal Belediyesi i\u015fbirli\u011fi ile Optimist Yaz Okulu ve Deniz \u015eenli\u011fi etkinliklerini d\u00fczenlemektedir.<\/p>\n<p style=\"text-align: justify;\">Denize s\u0131rt \u00e7evirmi\u015f insanlar\u0131m\u0131za deniz sevgisini, \u00e7evre bilincini a\u015f\u0131lamak, do\u011fayla m\u00fccadele etmeyi \u00f6\u011fretip, ona duyulmas\u0131 gereken sayg\u0131y\u0131 olu\u015fturmak. ekip \u00e7al\u0131\u015fmas\u0131, yard\u0131m ve payla\u015f\u0131m \u00f6\u011fretisini kazand\u0131rmak, \u00f6zg\u00fcveni geli\u015ftirmek, liderlik vas\u0131flar\u0131n\u0131 \u00f6ne \u00e7\u0131karmak, yar\u0131\u015f\u00e7\u0131 ruhu ve terbiyesi kazand\u0131rmak, do\u011fan\u0131n g\u00fcc\u00fcn\u00fc, bilgi ve beceriyle birle\u015ftirip yelkenli teknenin sevk ve idaresini sa\u011flayarak hedefe ula\u015fman\u0131n taktik ve tekni\u011fini kavratmak, ba\u015farman\u0131n hazz\u0131n\u0131 tadarken bunu sosyal ve ekonomik bir ya\u015fam bi\u00e7imine d\u00f6n\u00fc\u015ft\u00fcrtmek Marina Dragos Yelken \u0130htisas Kul\u00fcb\u00fc\u2019n\u00fcn\u00a0 temel amac\u0131d\u0131r.<\/p>\n","protected":false},"excerpt":{"rendered":"<p>1998 y\u0131l\u0131nda kurulan Marina Dragos Yelken \u0130htisas Kul\u00fcb\u00fc, Gen\u00e7lik ve Spor Genel M\u00fcd\u00fcrl\u00fc\u011f\u00fcnce tescil edilmi\u015f ve T\u00fcrkiye Yelken Federasyonuna ba\u011fl\u0131 federe bir kul\u00fcpt\u00fcr. Ayr\u0131ca Amat\u00f6r Denizcilik Federasyonu \u00fcyesi olan Kul\u00fcb\u00fcm\u00fcz,&hellip;<\/p>\n","protected":false},"author":1,"featured_media":0,"parent":0,"menu_order":0,"comment_status":"closed","ping_status":"closed","template":"","meta":[],"_links":{"self":[{"href":"https:\/\/marinadragos.org\/index.php\/wp-json\/wp\/v2\/pages\/60"}],"collection":[{"href":"https:\/\/marinadragos.org\/index.php\/wp-json\/wp\/v2\/pages"}],"about":[{"href":"https:\/\/marinadragos.org\/index.php\/wp-json\/wp\/v2\/types\/page"}],"author":[{"embeddable":true,"href":"https:\/\/marinadragos.org\/index.php\/wp-json\/wp\/v2\/users\/1"}],"replies":[{"embeddable":true,"href":"https:\/\/marinadragos.org\/index.php\/wp-json\/wp\/v2\/comments?post=60"}],"version-history":[{"count":7,"href":"https:\/\/marinadragos.org\/index.php\/wp-json\/wp\/v2\/pages\/60\/revisions"}],"predecessor-version":[{"id":246,"href":"https:\/\/marinadragos.org\/index.php\/wp-json\/wp\/v2\/pages\/60\/revisions\/246"}],"wp:attachment":[{"href":"https:\/\/marinadragos.org\/index.php\/wp-json\/wp\/v2\/media?parent=60"}],"curies":[{"name":"wp","href":"https:\/\/api.w.org\/{rel}","templated":true}]}}