{"id":5,"date":"2016-02-18T16:09:50","date_gmt":"2016-02-18T14:09:50","guid":{"rendered":"http:\/\/marinadragos.org\/?page_id=5"},"modified":"2019-03-12T14:43:48","modified_gmt":"2019-03-12T12:43:48","slug":"hakkimizda","status":"publish","type":"page","link":"https:\/\/marinadragos.org\/","title":{"rendered":""},"content":{"rendered":"\n<p style=\"text-align:center\" class=\"has-text-color has-medium-font-size has-vivid-cyan-blue-color\"><span style=\"color: #000080;\"><i><strong>Yelken basmak, d\u00fcmen tutmak isteyen gen\u00e7ler; <\/strong><\/i><\/span><strong><br><\/strong><span style=\"color: #000080;\"><i><strong>Olimpik me\u015faleyi denizlerde ta\u015f\u0131mak ve uluslararas\u0131 alanda \u00fclkemizi temsil edecek sporcular yeti\u015ftirmek i\u00e7in sizleri bekliyoruz&#8230;<\/strong><\/i><\/span><\/p>\n\n\n\n<div class=\"wp-block-image\"><figure class=\"aligncenter is-resized\"><img loading=\"lazy\" src=\"http:\/\/marinadragos.org\/wp-content\/uploads\/2018\/03\/13.INTERNATIONAL-ISTANBUL-Optimist-Sailing-WEEK-02-08-2015-1755-300x225.jpg\" alt=\"\" class=\"wp-image-654\" width=\"622\" height=\"466\" srcset=\"https:\/\/marinadragos.org\/wp-content\/uploads\/2018\/03\/13.INTERNATIONAL-ISTANBUL-Optimist-Sailing-WEEK-02-08-2015-1755-300x225.jpg 300w, https:\/\/marinadragos.org\/wp-content\/uploads\/2018\/03\/13.INTERNATIONAL-ISTANBUL-Optimist-Sailing-WEEK-02-08-2015-1755-768x576.jpg 768w, https:\/\/marinadragos.org\/wp-content\/uploads\/2018\/03\/13.INTERNATIONAL-ISTANBUL-Optimist-Sailing-WEEK-02-08-2015-1755-1024x768.jpg 1024w\" sizes=\"(max-width: 622px) 100vw, 622px\" \/><\/figure><\/div>\n\n\n\n<div class=\"wp-block-image\"><figure class=\"aligncenter is-resized\"><img loading=\"lazy\" src=\"http:\/\/marinadragos.org\/wp-content\/uploads\/2018\/03\/Kartal-300x293.jpg\" alt=\"\" class=\"wp-image-653\" width=\"146\" height=\"143\" srcset=\"https:\/\/marinadragos.org\/wp-content\/uploads\/2018\/03\/Kartal-300x293.jpg 300w, https:\/\/marinadragos.org\/wp-content\/uploads\/2018\/03\/Kartal.jpg 344w\" sizes=\"(max-width: 146px) 100vw, 146px\" \/><\/figure><\/div>\n\n\n\n<p style=\"text-align:center\">Te\u015fekk\u00fcrler<\/p>\n","protected":false},"excerpt":{"rendered":"<p>Yelken basmak, d\u00fcmen tutmak isteyen gen\u00e7ler; Olimpik me\u015faleyi denizlerde ta\u015f\u0131mak ve uluslararas\u0131 alanda \u00fclkemizi temsil edecek sporcular yeti\u015ftirmek i\u00e7in sizleri bekliyoruz&#8230; Te\u015fekk\u00fcrler<\/p>\n","protected":false},"author":1,"featured_media":0,"parent":0,"menu_order":0,"comment_status":"closed","ping_status":"closed","template":"","meta":[],"_links":{"self":[{"href":"https:\/\/marinadragos.org\/index.php\/wp-json\/wp\/v2\/pages\/5"}],"collection":[{"href":"https:\/\/marinadragos.org\/index.php\/wp-json\/wp\/v2\/pages"}],"about":[{"href":"https:\/\/marinadragos.org\/index.php\/wp-json\/wp\/v2\/types\/page"}],"author":[{"embeddable":true,"href":"https:\/\/marinadragos.org\/index.php\/wp-json\/wp\/v2\/users\/1"}],"replies":[{"embeddable":true,"href":"https:\/\/marinadragos.org\/index.php\/wp-json\/wp\/v2\/comments?post=5"}],"version-history":[{"count":76,"href":"https:\/\/marinadragos.org\/index.php\/wp-json\/wp\/v2\/pages\/5\/revisions"}],"predecessor-version":[{"id":969,"href":"https:\/\/marinadragos.org\/index.php\/wp-json\/wp\/v2\/pages\/5\/revisions\/969"}],"wp:attachment":[{"href":"https:\/\/marinadragos.org\/index.php\/wp-json\/wp\/v2\/media?parent=5"}],"curies":[{"name":"wp","href":"https:\/\/api.w.org\/{rel}","templated":true}]}}