{"id":437,"date":"2018-03-08T16:59:26","date_gmt":"2018-03-08T14:59:26","guid":{"rendered":"http:\/\/marinadragos.org\/?page_id=437"},"modified":"2018-07-11T15:27:51","modified_gmt":"2018-07-11T13:27:51","slug":"2018-yarislari","status":"publish","type":"page","link":"https:\/\/marinadragos.org\/index.php\/2018-yarislari\/","title":{"rendered":"2018 Yar\u0131\u015flar\u0131"},"content":{"rendered":"<h2><strong>\u0130STANBUL PROGRAMI<\/strong><\/h2>\n<table width=\"825\">\n<tbody>\n<tr>\n<td width=\"276\">\n<h5><strong>YARI\u015eIN ADI<\/strong><\/h5>\n<\/td>\n<td width=\"195\">\n<h5><strong>TAR\u0130H\u0130<\/strong><\/h5>\n<\/td>\n<td width=\"167\">\n<h5><strong>YER\u0130<\/strong><\/h5>\n<\/td>\n<td width=\"76\">\n<h5><strong>SINIFLAR<\/strong><\/h5>\n<\/td>\n<td width=\"111\">\n<h5><strong>EV SAH\u0130B\u0130<\/strong><\/h5>\n<\/td>\n<\/tr>\n<tr>\n<td>IOM KI\u015e KUPASI<\/td>\n<td>25 \u015eUBAT<\/td>\n<td>\u0130YK<\/td>\n<td>IOM<\/td>\n<td>\u0130YK<\/td>\n<\/tr>\n<tr>\n<td>\u0130STANBUL L\u0130G\u0130 VE TROFES\u0130 1.AYAK<\/td>\n<td>14 &#8211; 15 N\u0130SAN<\/td>\n<td>\u0130YK<\/td>\n<td>HS<\/td>\n<td>\u0130YK<\/td>\n<\/tr>\n<tr>\n<td>MYK &#8211; SPORTUR\u0130ST<\/td>\n<td>21 &#8211; 22 N\u0130SAN<\/td>\n<td>MYK<\/td>\n<td>HS<\/td>\n<td>MYK<\/td>\n<\/tr>\n<tr>\n<td>\u0130STANBUL L\u0130G\u0130 VE TROFES\u0130 2.AYAK<\/td>\n<td>28 &#8211; 29 N\u0130SAN<\/td>\n<td>\u0130YK<\/td>\n<td>HS<\/td>\n<td>\u0130YK<\/td>\n<\/tr>\n<tr>\n<td>MYK<\/td>\n<td>12 &#8211; 13 MAYIS<\/td>\n<td>MYK<\/td>\n<td>HS<\/td>\n<td>MYK<\/td>\n<\/tr>\n<tr>\n<td>12. GELENEKSEL HAL\u0130\u00c7 YELKEN YARI\u015eLARI<\/td>\n<td>05 &#8211; 06 MAYIS<\/td>\n<td>HAL\u0130\u00c7<\/td>\n<td>HS<\/td>\n<td>BEYO\u011eLU YK<\/td>\n<\/tr>\n<tr>\n<td width=\"276\">19 MAYIS GEN\u00c7L\u0130K VE SPOR BAYRAMI SURF &#8211; IOM \u0130L B\u0130R\u0130NC\u0130L\u0130\u011e\u0130<\/td>\n<td>19 &#8211; 20 MAYIS<\/td>\n<td>CADDEBOSTAN<\/td>\n<td>SURF &#8211; IOM<\/td>\n<td>\u0130L YELKEN TEM<\/td>\n<\/tr>\n<tr>\n<td>OKUL YARI\u015eI, OPT\u0130M\u0130ST,LASER KUPASI<\/td>\n<td>26 &#8211; 27 MAYIS<\/td>\n<td>HEYBEL\u0130ADA<\/td>\n<td>HS<\/td>\n<td>\u0130L YELKEN TEM<\/td>\n<\/tr>\n<tr>\n<td width=\"276\">P\u0130RAT \u0130L YARI\u015eI\u00a0 (T\u00dcRK\u0130YE P\u0130RAT L\u0130G\u0130\u00a0 1. AYAK)<\/td>\n<td>26 &#8211; 27 MAYIS<\/td>\n<td>KALAMI\u015e<\/td>\n<td>P\u0130RAT<\/td>\n<td>\u0130L YELKEN TEM<\/td>\n<\/tr>\n<tr>\n<td>\u0130STANBUL L\u0130G\u0130 VE TROFES\u0130 3.AYAK<\/td>\n<td>09 &#8211; 10 HAZ\u0130RAN<\/td>\n<td>\u0130YK<\/td>\n<td>HS<\/td>\n<td>\u0130YK<\/td>\n<\/tr>\n<tr>\n<td width=\"276\">T\u00dcRK\u0130YE P\u0130RAT L\u0130G\u0130 2. AYAK<\/td>\n<td>23 Haziran<\/td>\n<td>\u0130YK<\/td>\n<td>P\u0130RAT<\/td>\n<td>\u0130YK<\/td>\n<\/tr>\n<tr>\n<td width=\"276\">T\u00dcRK\u0130YE P\u0130RAT L\u0130G\u0130 3. AYAK ( ALTINBALTA )<\/td>\n<td>24 Haziran<\/td>\n<td>\u0130YK<\/td>\n<td>P\u0130RAT<\/td>\n<td>\u0130YK<\/td>\n<\/tr>\n<tr>\n<td>\u00a0OPT\u0130M\u0130ST \u0130L YARI\u015eI (A\u00c7IK)<\/td>\n<td>25 &#8211; 26 &#8211; 27 HAZ\u0130RAN<\/td>\n<td>B\u00dcY\u00dcK\u00c7EKMECE<\/td>\n<td>OPT\u0130M\u0130ST<\/td>\n<td>\u0130L YELKEN TEM<\/td>\n<\/tr>\n<tr>\n<td>RUZGAR SURFU (A\u00c7IK)<\/td>\n<td>25 &#8211; 26 &#8211; 27 HAZ\u0130RAN<\/td>\n<td>BEYL\u0130KD\u00dcZ\u00dc<\/td>\n<td>SURF<\/td>\n<td>\u0130L YELKEN TEM <span style=\"color: #ff0000;\">\u0130ptal<\/span><\/td>\n<\/tr>\n<tr>\n<td>LASER \u0130L VE DEN\u0130ZC\u0130L\u0130K BAYRAMI YARI\u015eI<\/td>\n<td width=\"195\">\u00a029 &#8211; 30 HAZ\u0130RAN<\/p>\n<p>1 TEMMUZ<\/td>\n<td>MDY\u0130K<\/td>\n<td>LASER<\/td>\n<td>\u0130L YELKEN TEM<\/td>\n<\/tr>\n<tr>\n<td>KARTAL BELED\u0130YE BA\u015eKANLI\u011eI KUPASI<\/td>\n<td width=\"195\">\u00a029 &#8211; 30 HAZ\u0130RAN<\/p>\n<p>1 TEMMUZ<\/td>\n<td>MDY\u0130K<\/td>\n<td>LASER<\/td>\n<td>MDY\u0130K<\/td>\n<\/tr>\n<tr>\n<td>MYK T\u00dcRK TELEKOM PRIME KUPASI<\/td>\n<td>07 &#8211; 08 TEMMUZ<\/td>\n<td>MYK<\/td>\n<td>HS<\/td>\n<td>MYK<\/td>\n<\/tr>\n<tr>\n<td>16. YIL INTERNATIONAL \u0130ST. OPT\u0130WEEK<\/td>\n<td>13 &#8211; 17 TEMMUZ<\/td>\n<td>\u0130YK<\/td>\n<td>HS<\/td>\n<td>\u0130YK\u00a0<span style=\"color: #ff0000;\">iptal<\/span><\/td>\n<\/tr>\n<tr>\n<td>\u0130STANBUL L\u0130G\u0130 VE TROFES\u0130 4. VE 5.AYAK<\/td>\n<td>21 &#8211; 22 &#8211; 23 &#8211; 24 TEMMUZ<\/td>\n<td>\u0130YK<\/td>\n<td>HS<\/td>\n<td>\u0130YK<\/td>\n<\/tr>\n<tr>\n<td>IOM AHMET SER\u0130M KUPASI<\/td>\n<td>29 TEMMUZ<\/td>\n<td>\u0130YK<\/td>\n<td>IOM<\/td>\n<td>\u0130YK<\/td>\n<\/tr>\n<tr>\n<td>OPT\u0130M\u0130ST\u00a0 TAKIM YARI\u015eI (A\u00c7IK)<\/td>\n<td width=\"195\">28 &#8211; 29 TEMMUZ<\/td>\n<td>\u0130YK<\/td>\n<td>HS<\/td>\n<td>\u0130L YELKEN TEM<\/td>\n<\/tr>\n<tr>\n<td>MYK<\/td>\n<td>04 &#8211; 05 A\u011eUSTOS<\/td>\n<td>MYK<\/td>\n<td>HS<\/td>\n<td>MYK<\/td>\n<\/tr>\n<tr>\n<td>LASER 4.7 TAKIM YARI\u015eI (A\u00c7IK)<\/td>\n<td>11 &#8211; 12 A\u011eUSTOS<\/td>\n<td>DRAGOS<\/td>\n<td>LASER 4.7<\/td>\n<td>\u0130L YELKEN TEM<\/td>\n<\/tr>\n<tr>\n<td width=\"276\">420 &#8211; 470 &#8211; P\u0130RAT \u0130L \u015eAMP\u0130YONASI VE ZAFER BAYRAMI KUPASI<\/td>\n<td>31 A\u011eUSTOS &#8211; 01 &#8211; 02 EYL\u00dcL<\/td>\n<td>GALATASARAY<\/td>\n<td>HS<\/td>\n<td>\u0130L YELKEN TEM<\/td>\n<\/tr>\n<tr>\n<td>IOM INTERNATIONAL RC CUP<\/td>\n<td>14 &#8211; 16 EYL\u00dcL<\/td>\n<td>\u0130YK<\/td>\n<td>IOM<\/td>\n<td>\u0130YK<\/td>\n<\/tr>\n<tr>\n<td width=\"276\">S\u0130YAH \u0130NC\u0130 P\u0130RAT YARI\u015eI<\/td>\n<td>16 Eyl\u00fcl<\/td>\n<td>\u0130YK<\/td>\n<td>P\u0130RAT<\/td>\n<td>\u0130L YELKEN TEM<\/td>\n<\/tr>\n<tr>\n<td width=\"276\">MYK KURUCULAR KUPASI (CEM\u0130L PARMAN)\u00a0 T\u00dcRK\u0130YE P\u0130RAT L\u0130G\u0130\u00a0 6. AYAK<\/td>\n<td>29 &#8211; 30 EYL\u00dcL<\/td>\n<td>MYK<\/td>\n<td>HS<\/td>\n<td>MYK<\/td>\n<\/tr>\n<tr>\n<td>58. YIL DONANMA KUPASI K\u00d6Y\u0130\u00c7\u0130 YARI\u015eLARI<\/td>\n<td>06 &#8211; 07 EK\u0130M<\/td>\n<td>\u0130YK<\/td>\n<td>HS<\/td>\n<td>\u0130YK<\/td>\n<\/tr>\n<tr>\n<td width=\"276\">T\u00dcRK\u0130YE P\u0130RAT L\u0130G\u0130 7. AYAK<\/td>\n<td>13 &#8211; 14 EK\u0130M<\/td>\n<td>SUAD\u0130YE<\/td>\n<td>P\u0130RAT<\/td>\n<td>SYK<\/td>\n<\/tr>\n<tr>\n<td>FENERBAH\u00c7E DO\u011eU\u015e YELKEN KUPASI<\/td>\n<td>20 &#8211; 21 EK\u0130M<\/td>\n<td>FENERBAH\u00c7E<\/td>\n<td>HS<\/td>\n<td>FB DO\u011eU\u015e<\/td>\n<\/tr>\n<tr>\n<td>KAD\u0130K\u00d6Y BEL. OPT\u0130M\u0130ST LASER IOM KUPASI<\/td>\n<td>29 EK\u0130M<\/td>\n<td>MYK<\/td>\n<td>HS &#8211; IOM<\/td>\n<td>\u0130L YELKEN TEM<\/td>\n<\/tr>\n<tr>\n<td width=\"276\">\u0130STANBUL L\u0130G\u0130 VE TROFES\u0130 6. AYAK + ALTINK\u0130L\u0130T KUPASI K\u00d6Y\u0130\u00c7\u0130 YARI\u015eLARI<\/td>\n<td>03 &#8211; 04 KASIM<\/td>\n<td>\u0130YK<\/td>\n<td>HS<\/td>\n<td>\u0130YK<\/td>\n<\/tr>\n<\/tbody>\n<\/table>\n","protected":false},"excerpt":{"rendered":"<p>\u0130STANBUL PROGRAMI YARI\u015eIN ADI TAR\u0130H\u0130 YER\u0130 SINIFLAR EV SAH\u0130B\u0130 IOM KI\u015e KUPASI 25 \u015eUBAT \u0130YK IOM \u0130YK \u0130STANBUL L\u0130G\u0130 VE TROFES\u0130 1.AYAK 14 &#8211; 15 N\u0130SAN \u0130YK HS \u0130YK MYK&hellip;<\/p>\n","protected":false},"author":1,"featured_media":0,"parent":0,"menu_order":0,"comment_status":"closed","ping_status":"closed","template":"","meta":[],"_links":{"self":[{"href":"https:\/\/marinadragos.org\/index.php\/wp-json\/wp\/v2\/pages\/437"}],"collection":[{"href":"https:\/\/marinadragos.org\/index.php\/wp-json\/wp\/v2\/pages"}],"about":[{"href":"https:\/\/marinadragos.org\/index.php\/wp-json\/wp\/v2\/types\/page"}],"author":[{"embeddable":true,"href":"https:\/\/marinadragos.org\/index.php\/wp-json\/wp\/v2\/users\/1"}],"replies":[{"embeddable":true,"href":"https:\/\/marinadragos.org\/index.php\/wp-json\/wp\/v2\/comments?post=437"}],"version-history":[{"count":9,"href":"https:\/\/marinadragos.org\/index.php\/wp-json\/wp\/v2\/pages\/437\/revisions"}],"predecessor-version":[{"id":819,"href":"https:\/\/marinadragos.org\/index.php\/wp-json\/wp\/v2\/pages\/437\/revisions\/819"}],"wp:attachment":[{"href":"https:\/\/marinadragos.org\/index.php\/wp-json\/wp\/v2\/media?parent=437"}],"curies":[{"name":"wp","href":"https:\/\/api.w.org\/{rel}","templated":true}]}}