{"id":43,"date":"2016-02-18T17:24:12","date_gmt":"2016-02-18T15:24:12","guid":{"rendered":"http:\/\/marinadragos.org\/?page_id=43"},"modified":"2024-10-06T10:17:47","modified_gmt":"2024-10-06T08:17:47","slug":"yonetim","status":"publish","type":"page","link":"https:\/\/marinadragos.org\/index.php\/yonetim\/","title":{"rendered":"Y\u00f6netim Kurulu"},"content":{"rendered":"<p><strong><span style=\"font-family: Comic Sans MS; font-size: small;\">Ba\u015fkan<\/span><\/strong><\/p>\n<p><span style=\"font-family: Comic Sans MS; font-size: small;\">Serhat BULUT<\/span><\/p>\n<p><strong><span style=\"font-family: Comic Sans MS; font-size: small;\">Ba\u015fkan Yard\u0131mc\u0131s\u0131<\/span><\/strong><\/p>\n<p><span style=\"font-family: Comic Sans MS; font-size: small;\">Ali R\u0131za KADIZ<\/span><\/p>\n<p><strong><span style=\"font-family: Comic Sans MS; font-size: small;\">\u00dcye<\/span><\/strong><\/p>\n<p><span style=\"font-family: Comic Sans MS; font-size: small;\">R\u0131za KAYA<\/span><\/p>\n<p><strong><span style=\"font-family: Comic Sans MS; font-size: small;\">\u00dcye<\/span><\/strong><\/p>\n<p><span style=\"font-family: Comic Sans MS; font-size: small;\">Sedat KUNDURACI<\/span><\/p>\n<p><strong><span style=\"font-family: Comic Sans MS; font-size: small;\">\u00dcye<\/span><\/strong><\/p>\n<p><span style=\"font-family: Comic Sans MS; font-size: small;\">Mehmet Latif EROL<\/span><strong><span style=\"font-family: Comic Sans MS; font-size: small;\"><br \/>\n<\/span><\/strong><\/p>\n<p align=\"left\"><strong>Y\u00f6netim kurulu eri\u015fim bilgileri :<\/strong><\/p>\n<p align=\"left\"><span style=\"font-family: Comic Sans MS; font-size: small;\">Serhat BULUT\u00a0 0505 270 60 86\u00a0 <a href=\"mailto:hakan@marinadragos.org\">serhat@marinadragos.org<\/a><\/span><\/p>\n<p align=\"left\">\n","protected":false},"excerpt":{"rendered":"<p>Ba\u015fkan Serhat BULUT Ba\u015fkan Yard\u0131mc\u0131s\u0131 Ali R\u0131za KADIZ \u00dcye R\u0131za KAYA \u00dcye Sedat KUNDURACI \u00dcye Mehmet Latif EROL Y\u00f6netim kurulu eri\u015fim bilgileri : Serhat BULUT\u00a0 0505 270 60 86\u00a0 serhat@marinadragos.org<\/p>\n","protected":false},"author":1,"featured_media":0,"parent":0,"menu_order":0,"comment_status":"closed","ping_status":"closed","template":"","meta":[],"_links":{"self":[{"href":"https:\/\/marinadragos.org\/index.php\/wp-json\/wp\/v2\/pages\/43"}],"collection":[{"href":"https:\/\/marinadragos.org\/index.php\/wp-json\/wp\/v2\/pages"}],"about":[{"href":"https:\/\/marinadragos.org\/index.php\/wp-json\/wp\/v2\/types\/page"}],"author":[{"embeddable":true,"href":"https:\/\/marinadragos.org\/index.php\/wp-json\/wp\/v2\/users\/1"}],"replies":[{"embeddable":true,"href":"https:\/\/marinadragos.org\/index.php\/wp-json\/wp\/v2\/comments?post=43"}],"version-history":[{"count":16,"href":"https:\/\/marinadragos.org\/index.php\/wp-json\/wp\/v2\/pages\/43\/revisions"}],"predecessor-version":[{"id":1110,"href":"https:\/\/marinadragos.org\/index.php\/wp-json\/wp\/v2\/pages\/43\/revisions\/1110"}],"wp:attachment":[{"href":"https:\/\/marinadragos.org\/index.php\/wp-json\/wp\/v2\/media?parent=43"}],"curies":[{"name":"wp","href":"https:\/\/api.w.org\/{rel}","templated":true}]}}