{"id":41,"date":"2016-02-18T17:23:49","date_gmt":"2016-02-18T15:23:49","guid":{"rendered":"http:\/\/marinadragos.org\/?page_id=41"},"modified":"2018-04-06T20:51:55","modified_gmt":"2018-04-06T18:51:55","slug":"yararli-linkler","status":"publish","type":"page","link":"https:\/\/marinadragos.org\/index.php\/yararli-linkler\/","title":{"rendered":"Linkler"},"content":{"rendered":"<p><strong>KURUMLAR, KUL\u00dcPLER, HABER S\u0130TELER\u0130<\/strong><\/p>\n<p>T\u00fcrkiye Yelken Federasyonu (TYF)<\/p>\n<p><a href=\"http:\/\/www.tyf.org.tr\/\" target=\"_blank\" rel=\"noopener\">www.tyf.org.tr<\/a><\/p>\n<p>Amat\u00f6r Denizcilik Federasyonu (ADF)<\/p>\n<p><a href=\"http:\/\/www.adf.org.tr\/\" target=\"_blank\" rel=\"noopener\">www.adf.org.tr<\/a><\/p>\n<p>Gen\u00e7lik ve Spor Bakanl\u0131\u011f\u0131 (GSB)<\/p>\n<p><a href=\"http:\/\/www.gsb.gov.tr\/\/\" target=\"_blank\" rel=\"noopener\">www.gsb.gov.tr<\/a><\/p>\n<p>Spor Genel M\u00fcd\u00fcrl\u00fc\u011f\u00fc<\/p>\n<p><a href=\"http:\/\/sgm.gsb.gov.tr\/\" target=\"_blank\" rel=\"noopener\">www.sgm.gsb.gov.tr<\/a><\/p>\n<p>Uluslararas\u0131 Yelken Federasyonu (WS)<\/p>\n<p><a href=\"http:\/\/www.sailing.org\/\" target=\"_blank\" rel=\"noopener\">www.sailing.org<\/a><\/p>\n<p>Turksail Haber Sitesi<\/p>\n<p><a href=\"http:\/\/www.turksail.com\" target=\"_blank\" rel=\"noopener\">www.turksail.com<\/a><\/p>\n<p>\u0130stanbul Yelken Kul\u00fcb\u00fc (\u0130YK)<\/p>\n<p><a href=\"http:\/\/www.istanbulyelken.org.tr\/\" target=\"_blank\" rel=\"noopener\">www.istanbulyelken.org.tr<\/a><\/p>\n<p>Marmara Yelken Kul\u00fcb\u00fc (MYK)<\/p>\n<p><a href=\"http:\/\/www.marmarayelken.org.tr\/\" target=\"_blank\" rel=\"noopener\">www.marmarayelken.org.tr<\/a><\/p>\n","protected":false},"excerpt":{"rendered":"<p>KURUMLAR, KUL\u00dcPLER, HABER S\u0130TELER\u0130 T\u00fcrkiye Yelken Federasyonu (TYF) www.tyf.org.tr Amat\u00f6r Denizcilik Federasyonu (ADF) www.adf.org.tr Gen\u00e7lik ve Spor Bakanl\u0131\u011f\u0131 (GSB) www.gsb.gov.tr Spor Genel M\u00fcd\u00fcrl\u00fc\u011f\u00fc www.sgm.gsb.gov.tr Uluslararas\u0131 Yelken Federasyonu (WS) www.sailing.org Turksail&hellip;<\/p>\n","protected":false},"author":1,"featured_media":0,"parent":0,"menu_order":0,"comment_status":"closed","ping_status":"closed","template":"","meta":[],"_links":{"self":[{"href":"https:\/\/marinadragos.org\/index.php\/wp-json\/wp\/v2\/pages\/41"}],"collection":[{"href":"https:\/\/marinadragos.org\/index.php\/wp-json\/wp\/v2\/pages"}],"about":[{"href":"https:\/\/marinadragos.org\/index.php\/wp-json\/wp\/v2\/types\/page"}],"author":[{"embeddable":true,"href":"https:\/\/marinadragos.org\/index.php\/wp-json\/wp\/v2\/users\/1"}],"replies":[{"embeddable":true,"href":"https:\/\/marinadragos.org\/index.php\/wp-json\/wp\/v2\/comments?post=41"}],"version-history":[{"count":16,"href":"https:\/\/marinadragos.org\/index.php\/wp-json\/wp\/v2\/pages\/41\/revisions"}],"predecessor-version":[{"id":705,"href":"https:\/\/marinadragos.org\/index.php\/wp-json\/wp\/v2\/pages\/41\/revisions\/705"}],"wp:attachment":[{"href":"https:\/\/marinadragos.org\/index.php\/wp-json\/wp\/v2\/media?parent=41"}],"curies":[{"name":"wp","href":"https:\/\/api.w.org\/{rel}","templated":true}]}}