{"id":260,"date":"2016-03-03T17:43:23","date_gmt":"2016-03-03T15:43:23","guid":{"rendered":"http:\/\/marinadragos.org\/?page_id=260"},"modified":"2017-05-16T14:49:11","modified_gmt":"2017-05-16T12:49:11","slug":"2016-2","status":"publish","type":"page","link":"https:\/\/marinadragos.org\/index.php\/2016-2\/","title":{"rendered":"2016 Yar\u0131\u015flar\u0131"},"content":{"rendered":"<header class=\"entry-header\">\n<h2 class=\"entry-title\"><\/h2>\n<h2 class=\"entry-title\"><strong>Laser \u0130stanbul \u015eampiyonas\u0131 :<br \/>\n<\/strong><\/h2>\n<\/header>\n<div class=\"entry-content\">\n<p><a href=\"http:\/\/marinadragos.org\/index.php\/laser-istanbul-sampiyonasi\/\" target=\"_blank\" rel=\"noopener noreferrer\">2016 Laser \u0130stanbul \u015eampiyonas\u0131 ile Kartal Belediye Ba\u015fkanl\u0131\u011f\u0131 Kupas\u0131 yar\u0131\u015flar\u0131n\u0131n 1 Temmuz Denizcilik ve Kabotaj Bayram\u0131 haftas\u0131nda Kartal Belediyesi ve Kul\u00fcb\u00fcm\u00fcz ev sahipli\u011finde Dragos\u2019ta yap\u0131lmas\u0131 planlanmaktad\u0131r. Yar\u0131\u015f tarihleri ve program\u0131 kesinle\u015fince bu sayfada yay\u0131nlanacakt\u0131r. <\/a><\/p>\n<p>*+*+*+*+*+*+*+*+*+*+*+*+*+*+*+*+*+*+*+*+*+*+*+*+*+*+*+*+*+<\/p>\n<\/div>\n<h2><strong>TYF Hareketli Salma 2016 Yar\u0131\u015f Program\u0131 :<\/strong><\/h2>\n<p><a href=\"http:\/\/www.tyf-arsiv.com\/dosyalar\/menu\/tyf-hareketli-salma-faaliyet-programi-2016.pdf\" target=\"_blank\" rel=\"noopener noreferrer\">http:\/\/www.tyf-arsiv.com\/dosyalar\/menu\/tyf-hareketli-salma-faaliyet-programi-2016.pdf<\/a><\/p>\n<p>*+*+*+*+*+*+*+*+*+*+*+*+*+*+*+*+*+*+*+*+*+*+*+*+*+*+*+*+*+<\/p>\n<h2><strong>TYF Yat 2016 Yar\u0131\u015f Program\u0131 :<\/strong><\/h2>\n<p><a href=\"http:\/\/www.tyf-arsiv.com\/dosyalar\/menu\/tyf-yat-faaliyet-programi-2016.pdf\" target=\"_blank\" rel=\"noopener noreferrer\">http:\/\/www.tyf-arsiv.com\/dosyalar\/menu\/tyf-yat-faaliyet-programi-2016.pdf<\/a><\/p>\n<p>*+*+*+*+*+*+*+*+*+*+*+*+*+*+*+*+*+*+*+*+*+*+*+*+*+*+*+*+*+<\/p>\n","protected":false},"excerpt":{"rendered":"<p>Laser \u0130stanbul \u015eampiyonas\u0131 : 2016 Laser \u0130stanbul \u015eampiyonas\u0131 ile Kartal Belediye Ba\u015fkanl\u0131\u011f\u0131 Kupas\u0131 yar\u0131\u015flar\u0131n\u0131n 1 Temmuz Denizcilik ve Kabotaj Bayram\u0131 haftas\u0131nda Kartal Belediyesi ve Kul\u00fcb\u00fcm\u00fcz ev sahipli\u011finde Dragos\u2019ta yap\u0131lmas\u0131 planlanmaktad\u0131r.&hellip;<\/p>\n","protected":false},"author":1,"featured_media":0,"parent":0,"menu_order":0,"comment_status":"closed","ping_status":"closed","template":"","meta":[],"_links":{"self":[{"href":"https:\/\/marinadragos.org\/index.php\/wp-json\/wp\/v2\/pages\/260"}],"collection":[{"href":"https:\/\/marinadragos.org\/index.php\/wp-json\/wp\/v2\/pages"}],"about":[{"href":"https:\/\/marinadragos.org\/index.php\/wp-json\/wp\/v2\/types\/page"}],"author":[{"embeddable":true,"href":"https:\/\/marinadragos.org\/index.php\/wp-json\/wp\/v2\/users\/1"}],"replies":[{"embeddable":true,"href":"https:\/\/marinadragos.org\/index.php\/wp-json\/wp\/v2\/comments?post=260"}],"version-history":[{"count":12,"href":"https:\/\/marinadragos.org\/index.php\/wp-json\/wp\/v2\/pages\/260\/revisions"}],"predecessor-version":[{"id":380,"href":"https:\/\/marinadragos.org\/index.php\/wp-json\/wp\/v2\/pages\/260\/revisions\/380"}],"wp:attachment":[{"href":"https:\/\/marinadragos.org\/index.php\/wp-json\/wp\/v2\/media?parent=260"}],"curies":[{"name":"wp","href":"https:\/\/api.w.org\/{rel}","templated":true}]}}