{"id":257,"date":"2016-03-03T17:38:39","date_gmt":"2016-03-03T15:38:39","guid":{"rendered":"http:\/\/marinadragos.org\/?page_id=257"},"modified":"2016-03-06T13:23:41","modified_gmt":"2016-03-06T11:23:41","slug":"laser-istanbul-sampiyonasi","status":"publish","type":"page","link":"https:\/\/marinadragos.org\/index.php\/laser-istanbul-sampiyonasi\/","title":{"rendered":"Laser \u0130stanbul \u015eampiyonas\u0131"},"content":{"rendered":"<p>2016 Laser \u0130stanbul \u015eampiyonas\u0131 ile Kartal Belediye Ba\u015fkanl\u0131\u011f\u0131 Kupas\u0131 yar\u0131\u015flar\u0131n\u0131n 1 Temmuz Denizcilik ve Kabotaj Bayram\u0131 haftas\u0131nda Kartal Belediyesi ve Kul\u00fcb\u00fcm\u00fcz ev sahipli\u011finde Dragos&#8217;ta yap\u0131lmas\u0131 planlanmaktad\u0131r. Yar\u0131\u015f tarihleri ve program\u0131 kesinle\u015fince bu sayfada yay\u0131nlanacakt\u0131r.<\/p>\n","protected":false},"excerpt":{"rendered":"<p>2016 Laser \u0130stanbul \u015eampiyonas\u0131 ile Kartal Belediye Ba\u015fkanl\u0131\u011f\u0131 Kupas\u0131 yar\u0131\u015flar\u0131n\u0131n 1 Temmuz Denizcilik ve Kabotaj Bayram\u0131 haftas\u0131nda Kartal Belediyesi ve Kul\u00fcb\u00fcm\u00fcz ev sahipli\u011finde Dragos&#8217;ta yap\u0131lmas\u0131 planlanmaktad\u0131r. Yar\u0131\u015f tarihleri ve program\u0131&hellip;<\/p>\n","protected":false},"author":1,"featured_media":0,"parent":0,"menu_order":0,"comment_status":"closed","ping_status":"closed","template":"","meta":[],"_links":{"self":[{"href":"https:\/\/marinadragos.org\/index.php\/wp-json\/wp\/v2\/pages\/257"}],"collection":[{"href":"https:\/\/marinadragos.org\/index.php\/wp-json\/wp\/v2\/pages"}],"about":[{"href":"https:\/\/marinadragos.org\/index.php\/wp-json\/wp\/v2\/types\/page"}],"author":[{"embeddable":true,"href":"https:\/\/marinadragos.org\/index.php\/wp-json\/wp\/v2\/users\/1"}],"replies":[{"embeddable":true,"href":"https:\/\/marinadragos.org\/index.php\/wp-json\/wp\/v2\/comments?post=257"}],"version-history":[{"count":3,"href":"https:\/\/marinadragos.org\/index.php\/wp-json\/wp\/v2\/pages\/257\/revisions"}],"predecessor-version":[{"id":269,"href":"https:\/\/marinadragos.org\/index.php\/wp-json\/wp\/v2\/pages\/257\/revisions\/269"}],"wp:attachment":[{"href":"https:\/\/marinadragos.org\/index.php\/wp-json\/wp\/v2\/media?parent=257"}],"curies":[{"name":"wp","href":"https:\/\/api.w.org\/{rel}","templated":true}]}}