{"id":250,"date":"2016-03-03T16:55:36","date_gmt":"2016-03-03T14:55:36","guid":{"rendered":"http:\/\/marinadragos.org\/?page_id=250"},"modified":"2024-10-06T13:12:41","modified_gmt":"2024-10-06T11:12:41","slug":"denetim-kurulu","status":"publish","type":"page","link":"https:\/\/marinadragos.org\/index.php\/denetim-kurulu\/","title":{"rendered":"Denetim Kurulu"},"content":{"rendered":"\n<p>M. Somer B\u00dcY\u00dcKAKKU\u015e<\/p>\n\n\n\n<p>G\u00f6ksel G\u00dcNAY<\/p>\n\n\n\n<p>\u00dcnal YILMAZ<\/p>\n","protected":false},"excerpt":{"rendered":"<p>M. Somer B\u00dcY\u00dcKAKKU\u015e G\u00f6ksel G\u00dcNAY \u00dcnal YILMAZ<\/p>\n","protected":false},"author":1,"featured_media":0,"parent":0,"menu_order":0,"comment_status":"closed","ping_status":"closed","template":"","meta":[],"_links":{"self":[{"href":"https:\/\/marinadragos.org\/index.php\/wp-json\/wp\/v2\/pages\/250"}],"collection":[{"href":"https:\/\/marinadragos.org\/index.php\/wp-json\/wp\/v2\/pages"}],"about":[{"href":"https:\/\/marinadragos.org\/index.php\/wp-json\/wp\/v2\/types\/page"}],"author":[{"embeddable":true,"href":"https:\/\/marinadragos.org\/index.php\/wp-json\/wp\/v2\/users\/1"}],"replies":[{"embeddable":true,"href":"https:\/\/marinadragos.org\/index.php\/wp-json\/wp\/v2\/comments?post=250"}],"version-history":[{"count":5,"href":"https:\/\/marinadragos.org\/index.php\/wp-json\/wp\/v2\/pages\/250\/revisions"}],"predecessor-version":[{"id":1117,"href":"https:\/\/marinadragos.org\/index.php\/wp-json\/wp\/v2\/pages\/250\/revisions\/1117"}],"wp:attachment":[{"href":"https:\/\/marinadragos.org\/index.php\/wp-json\/wp\/v2\/media?parent=250"}],"curies":[{"name":"wp","href":"https:\/\/api.w.org\/{rel}","templated":true}]}}