{"id":206,"date":"2016-02-22T16:57:40","date_gmt":"2016-02-22T14:57:40","guid":{"rendered":"http:\/\/marinadragos.org\/?page_id=206"},"modified":"2017-01-06T11:24:33","modified_gmt":"2017-01-06T09:24:33","slug":"erisim-bilgileri","status":"publish","type":"page","link":"https:\/\/marinadragos.org\/index.php\/erisim-bilgileri\/","title":{"rendered":"Eri\u015fim bilgileri"},"content":{"rendered":"<p><span style=\"text-decoration: underline;\"><strong>Adresimiz :<\/strong><\/span><\/p>\n<p>Marina Dragos Yelken \u0130htisas Kul\u00fcb\u00fc<br \/>\nDragos, Orhantepe Mahallesi<br \/>\n\u00c7etin Eme\u00e7 Bulvar\u0131, Sahil Yolu<br \/>\nTekel \u0130skelesi Yan\u0131 No: 16<br \/>\n34865 Kartal &#8211; istanbul<\/p>\n<p><span style=\"text-decoration: underline;\"><strong>Telefon numaralar\u0131m\u0131z :<\/strong><\/span><\/p>\n<p>Tel : (0216) 489 48 22<br \/>\nFax: (0216) 367 18 47<\/p>\n<p><span style=\"text-decoration: underline;\"><strong>Eposta:<\/strong><\/span><\/p>\n<p>info@marinadragos.org<\/p>\n<p>&nbsp;<\/p>\n","protected":false},"excerpt":{"rendered":"<p>Adresimiz : Marina Dragos Yelken \u0130htisas Kul\u00fcb\u00fc Dragos, Orhantepe Mahallesi \u00c7etin Eme\u00e7 Bulvar\u0131, Sahil Yolu Tekel \u0130skelesi Yan\u0131 No: 16 34865 Kartal &#8211; istanbul Telefon numaralar\u0131m\u0131z : Tel : (0216)&hellip;<\/p>\n","protected":false},"author":1,"featured_media":0,"parent":0,"menu_order":0,"comment_status":"closed","ping_status":"closed","template":"","meta":[],"_links":{"self":[{"href":"https:\/\/marinadragos.org\/index.php\/wp-json\/wp\/v2\/pages\/206"}],"collection":[{"href":"https:\/\/marinadragos.org\/index.php\/wp-json\/wp\/v2\/pages"}],"about":[{"href":"https:\/\/marinadragos.org\/index.php\/wp-json\/wp\/v2\/types\/page"}],"author":[{"embeddable":true,"href":"https:\/\/marinadragos.org\/index.php\/wp-json\/wp\/v2\/users\/1"}],"replies":[{"embeddable":true,"href":"https:\/\/marinadragos.org\/index.php\/wp-json\/wp\/v2\/comments?post=206"}],"version-history":[{"count":4,"href":"https:\/\/marinadragos.org\/index.php\/wp-json\/wp\/v2\/pages\/206\/revisions"}],"predecessor-version":[{"id":318,"href":"https:\/\/marinadragos.org\/index.php\/wp-json\/wp\/v2\/pages\/206\/revisions\/318"}],"wp:attachment":[{"href":"https:\/\/marinadragos.org\/index.php\/wp-json\/wp\/v2\/media?parent=206"}],"curies":[{"name":"wp","href":"https:\/\/api.w.org\/{rel}","templated":true}]}}