{"id":188,"date":"2024-10-06T23:06:00","date_gmt":"2024-10-06T21:06:00","guid":{"rendered":"http:\/\/marinadragos.org\/?page_id=188"},"modified":"2024-10-06T10:38:55","modified_gmt":"2024-10-06T08:38:55","slug":"eski-yoneticilerimiz","status":"publish","type":"page","link":"https:\/\/marinadragos.org\/index.php\/eski-yoneticilerimiz\/","title":{"rendered":"Ba\u015fkanlar\u0131m\u0131z"},"content":{"rendered":"<p style=\"text-align: left;\"><strong>F. Mehmet TUN\u00c7AY<\/strong><\/p>\n<p><strong>Kurucu Ba\u015fkan<\/strong><\/p>\n<p>1998 &#8211; 1999<\/p>\n<p><strong>F. G\u00fcliz TUN\u00c7AY<\/strong><\/p>\n<p>1999 &#8211; 2000<\/p>\n<p><strong>Mustafa TUN\u00c7AY<\/strong><\/p>\n<p>2000 &#8211; 2002<\/p>\n<p><strong>F. Mehmet TUN\u00c7AY<\/strong><\/p>\n<p>2002 &#8211; 2006<\/p>\n<p><strong>M. Somer B\u00dcY\u00dcKAKKU\u015e<\/strong><\/p>\n<p>2006 &#8211; 2010<\/p>\n<p><strong>Hakan ERTUNK<\/strong><\/p>\n<p>2010 &#8211; 2023<\/p>\n<p><strong>Serhat BULUT<\/strong><\/p>\n<p>2023 &#8211;<\/p>\n","protected":false},"excerpt":{"rendered":"<p>F. Mehmet TUN\u00c7AY Kurucu Ba\u015fkan 1998 &#8211; 1999 F. G\u00fcliz TUN\u00c7AY 1999 &#8211; 2000 Mustafa TUN\u00c7AY 2000 &#8211; 2002 F. Mehmet TUN\u00c7AY 2002 &#8211; 2006 M. Somer B\u00dcY\u00dcKAKKU\u015e 2006 &#8211;&hellip;<\/p>\n","protected":false},"author":1,"featured_media":0,"parent":0,"menu_order":0,"comment_status":"closed","ping_status":"closed","template":"","meta":[],"_links":{"self":[{"href":"https:\/\/marinadragos.org\/index.php\/wp-json\/wp\/v2\/pages\/188"}],"collection":[{"href":"https:\/\/marinadragos.org\/index.php\/wp-json\/wp\/v2\/pages"}],"about":[{"href":"https:\/\/marinadragos.org\/index.php\/wp-json\/wp\/v2\/types\/page"}],"author":[{"embeddable":true,"href":"https:\/\/marinadragos.org\/index.php\/wp-json\/wp\/v2\/users\/1"}],"replies":[{"embeddable":true,"href":"https:\/\/marinadragos.org\/index.php\/wp-json\/wp\/v2\/comments?post=188"}],"version-history":[{"count":7,"href":"https:\/\/marinadragos.org\/index.php\/wp-json\/wp\/v2\/pages\/188\/revisions"}],"predecessor-version":[{"id":1115,"href":"https:\/\/marinadragos.org\/index.php\/wp-json\/wp\/v2\/pages\/188\/revisions\/1115"}],"wp:attachment":[{"href":"https:\/\/marinadragos.org\/index.php\/wp-json\/wp\/v2\/media?parent=188"}],"curies":[{"name":"wp","href":"https:\/\/api.w.org\/{rel}","templated":true}]}}