{"id":178,"date":"2017-02-20T22:30:42","date_gmt":"2017-02-20T20:30:42","guid":{"rendered":"http:\/\/marinadragos.org\/?page_id=178"},"modified":"2019-03-09T16:00:18","modified_gmt":"2019-03-09T14:00:18","slug":"sporcularimiz","status":"publish","type":"page","link":"https:\/\/marinadragos.org\/index.php\/sporcularimiz\/","title":{"rendered":"Sporcular\u0131m\u0131z"},"content":{"rendered":"<p><img src=\"https:\/\/web.archive.org\/web\/20151103211720fw_\/http:\/\/ege.pluslift.com.tr\/images\/oyun\/16\/03-laser_icon.jpg\" alt=\"\" width=\"100\" \/><\/p>\n<p><strong>Laser<\/strong><\/p>\n<div id=\"stmenu\">Haydar Baran\u00a0YILMAZ<\/div>\n<div>Yama\u00e7 TANDIRCIO\u011eLU<\/div>\n<div>Destina Beyza BULUT<\/div>\n<div>Fatma\u00a0Bal\u00e7\u0131k<\/div>\n<div>Yasemin \u00c7il<\/div>\n<div>Ege D\u00f6nerta\u015f<\/div>\n<div>Deniz Yi\u011fit Karag\u00f6z<b><\/b><i><\/i><u><\/u><\/div>\n<div>Nil Deniz SUNTAY<\/div>\n<div><\/div>\n<div>\n<p><img src=\"https:\/\/web.archive.org\/web\/20150816115417fw_\/http:\/\/ege.pluslift.com.tr\/images\/oyun\/17\/02-optimist_icon.jpg\" alt=\"\" width=\"100\" \/><\/p>\n<div class=\"baslikmavi\"><strong>Optimist<\/strong><\/div>\n<div><\/div>\n<\/div>\n<div>\n<div id=\"stmenu\">Tahir\u00a0Bal\u00e7\u0131k<\/div>\n<div>Kerem Ak\u00e7a<\/div>\n<div>Aliye Derin Erol<\/div>\n<div>\u00d6mer \u00c7il<\/div>\n<div>Batu \u00d6\u00e7al<\/div>\n<div>G\u00f6kalp Day\u0131o\u011flu<\/div>\n<div>Egemen Atas\u00fc<\/div>\n<div>Bartu Esen<\/div>\n<div>Elif Duru Arslan<\/div>\n<div>Naz Tulumcu<\/div>\n<div>Muhammed Ali Yaz\u0131c\u0131<\/div>\n<div>Basri \u00d6ztopal<\/div>\n<div>Nil Sar\u0131kaya<\/div>\n<div>Demir Aky\u00fcz<\/div>\n<div>Yasin B\u00fcy\u00fck<\/div>\n<div><\/div>\n<div><\/div>\n<\/div>\n<div>\n<p><img src=\"https:\/\/web.archive.org\/web\/20150816115735fw_\/http:\/\/ege.pluslift.com.tr\/images\/oyun\/18\/07-dragon_icon.jpg\" alt=\"\" width=\"100\" \/><\/p>\n<div class=\"baslikmavi\"><strong>Yat<\/strong><\/div>\n<div class=\"baslikmavi\"><\/div>\n<div id=\"stmenu\">Bet\u00fcl \u00d6Z\u00c7EL\u0130K<\/div>\n<div>Serhat BULUT<\/div>\n<div id=\"stmenu\">Kaan G\u00dcNG\u00d6R<\/div>\n<div>Sarp G\u00dcNEY<\/div>\n<div>Cem YAVA\u015e<\/div>\n<div>Cengiz G\u00dcRKAN<\/div>\n<\/div>\n","protected":false},"excerpt":{"rendered":"<p>Laser Haydar Baran\u00a0YILMAZ Yama\u00e7 TANDIRCIO\u011eLU Destina Beyza BULUT Fatma\u00a0Bal\u00e7\u0131k Yasemin \u00c7il Ege D\u00f6nerta\u015f Deniz Yi\u011fit Karag\u00f6z Nil Deniz SUNTAY Optimist Tahir\u00a0Bal\u00e7\u0131k Kerem Ak\u00e7a Aliye Derin Erol \u00d6mer \u00c7il Batu \u00d6\u00e7al&hellip;<\/p>\n","protected":false},"author":1,"featured_media":0,"parent":0,"menu_order":0,"comment_status":"closed","ping_status":"closed","template":"","meta":[],"_links":{"self":[{"href":"https:\/\/marinadragos.org\/index.php\/wp-json\/wp\/v2\/pages\/178"}],"collection":[{"href":"https:\/\/marinadragos.org\/index.php\/wp-json\/wp\/v2\/pages"}],"about":[{"href":"https:\/\/marinadragos.org\/index.php\/wp-json\/wp\/v2\/types\/page"}],"author":[{"embeddable":true,"href":"https:\/\/marinadragos.org\/index.php\/wp-json\/wp\/v2\/users\/1"}],"replies":[{"embeddable":true,"href":"https:\/\/marinadragos.org\/index.php\/wp-json\/wp\/v2\/comments?post=178"}],"version-history":[{"count":11,"href":"https:\/\/marinadragos.org\/index.php\/wp-json\/wp\/v2\/pages\/178\/revisions"}],"predecessor-version":[{"id":938,"href":"https:\/\/marinadragos.org\/index.php\/wp-json\/wp\/v2\/pages\/178\/revisions\/938"}],"wp:attachment":[{"href":"https:\/\/marinadragos.org\/index.php\/wp-json\/wp\/v2\/media?parent=178"}],"curies":[{"name":"wp","href":"https:\/\/api.w.org\/{rel}","templated":true}]}}