{"id":1097,"date":"2021-06-16T12:46:13","date_gmt":"2021-06-16T10:46:13","guid":{"rendered":"http:\/\/marinadragos.org\/?page_id=1097"},"modified":"2021-06-16T12:54:53","modified_gmt":"2021-06-16T10:54:53","slug":"ukytgkykuy","status":"publish","type":"page","link":"https:\/\/marinadragos.org\/index.php\/ukytgkykuy\/","title":{"rendered":"2021 \u00dccretsiz Yelken Yazokulu"},"content":{"rendered":"\n<div class=\"wp-block-image\"><figure class=\"aligncenter\"><img loading=\"lazy\" width=\"300\" height=\"118\" src=\"http:\/\/marinadragos.org\/wp-content\/uploads\/2018\/05\/3-300x118.jpg\" alt=\"\" class=\"wp-image-754\" srcset=\"https:\/\/marinadragos.org\/wp-content\/uploads\/2018\/05\/3-300x118.jpg 300w, https:\/\/marinadragos.org\/wp-content\/uploads\/2018\/05\/3-644x254.jpg 644w, https:\/\/marinadragos.org\/wp-content\/uploads\/2018\/05\/3.jpg 757w\" sizes=\"(max-width: 300px) 100vw, 300px\" \/><\/figure><\/div>\n\n\n\n<p><\/p>\n\n\n\n<p>Online ba\u015fvurular Kartal Belediyesi web sayfas\u0131ndan yap\u0131lmaktad\u0131r.<\/p>\n\n\n\n<p>Ba\u015fvuru adresi :<\/p>\n\n\n\n<p><a href=\"https:\/\/e-belediye.kartal.bel.tr\/Spor\/SporKursDenizBasvuru.aspx\" target=\"_blank\" rel=\"noreferrer noopener\">Online kay\u0131t i\u00e7in buraya t\u0131klay\u0131n\u0131z<\/a><\/p>\n\n\n\n<p><\/p>\n","protected":false},"excerpt":{"rendered":"<p>Online ba\u015fvurular Kartal Belediyesi web sayfas\u0131ndan yap\u0131lmaktad\u0131r. Ba\u015fvuru adresi : Online kay\u0131t i\u00e7in buraya t\u0131klay\u0131n\u0131z<\/p>\n","protected":false},"author":1,"featured_media":0,"parent":0,"menu_order":0,"comment_status":"closed","ping_status":"closed","template":"","meta":[],"_links":{"self":[{"href":"https:\/\/marinadragos.org\/index.php\/wp-json\/wp\/v2\/pages\/1097"}],"collection":[{"href":"https:\/\/marinadragos.org\/index.php\/wp-json\/wp\/v2\/pages"}],"about":[{"href":"https:\/\/marinadragos.org\/index.php\/wp-json\/wp\/v2\/types\/page"}],"author":[{"embeddable":true,"href":"https:\/\/marinadragos.org\/index.php\/wp-json\/wp\/v2\/users\/1"}],"replies":[{"embeddable":true,"href":"https:\/\/marinadragos.org\/index.php\/wp-json\/wp\/v2\/comments?post=1097"}],"version-history":[{"count":4,"href":"https:\/\/marinadragos.org\/index.php\/wp-json\/wp\/v2\/pages\/1097\/revisions"}],"predecessor-version":[{"id":1102,"href":"https:\/\/marinadragos.org\/index.php\/wp-json\/wp\/v2\/pages\/1097\/revisions\/1102"}],"wp:attachment":[{"href":"https:\/\/marinadragos.org\/index.php\/wp-json\/wp\/v2\/media?parent=1097"}],"curies":[{"name":"wp","href":"https:\/\/api.w.org\/{rel}","templated":true}]}}