{"id":1019,"date":"2019-07-04T11:31:43","date_gmt":"2019-07-04T09:31:43","guid":{"rendered":"http:\/\/marinadragos.org\/?page_id=1019"},"modified":"2019-07-04T11:36:18","modified_gmt":"2019-07-04T09:36:18","slug":"2019-laser-istanbul-sampiyonasi-sonuclari","status":"publish","type":"page","link":"https:\/\/marinadragos.org\/index.php\/2019-laser-istanbul-sampiyonasi-sonuclari\/","title":{"rendered":"2019 Laser \u0130stanbul \u015eampiyonas\u0131 Sonu\u00e7lar\u0131"},"content":{"rendered":"\n<p><a href=\"http:\/\/marinadragos.org\/wp-content\/uploads\/2019\/07\/Std.pdf\">Laser<\/a><\/p>\n\n\n\n<p><a href=\"http:\/\/marinadragos.org\/wp-content\/uploads\/2019\/07\/Radial.pdf\">Laser Radial<\/a><\/p>\n\n\n\n<p><a href=\"http:\/\/marinadragos.org\/wp-content\/uploads\/2019\/07\/4.7.pdf\">Laser 4.7<\/a><\/p>\n\n\n\n<p><a href=\"http:\/\/marinadragos.org\/wp-content\/uploads\/2019\/07\/\u00d6d\u00fcller.pdf\">\u00d6d\u00fcller<\/a><\/p>\n","protected":false},"excerpt":{"rendered":"<p>Laser Laser Radial Laser 4.7 \u00d6d\u00fcller<\/p>\n","protected":false},"author":1,"featured_media":0,"parent":0,"menu_order":0,"comment_status":"closed","ping_status":"closed","template":"","meta":[],"_links":{"self":[{"href":"https:\/\/marinadragos.org\/index.php\/wp-json\/wp\/v2\/pages\/1019"}],"collection":[{"href":"https:\/\/marinadragos.org\/index.php\/wp-json\/wp\/v2\/pages"}],"about":[{"href":"https:\/\/marinadragos.org\/index.php\/wp-json\/wp\/v2\/types\/page"}],"author":[{"embeddable":true,"href":"https:\/\/marinadragos.org\/index.php\/wp-json\/wp\/v2\/users\/1"}],"replies":[{"embeddable":true,"href":"https:\/\/marinadragos.org\/index.php\/wp-json\/wp\/v2\/comments?post=1019"}],"version-history":[{"count":5,"href":"https:\/\/marinadragos.org\/index.php\/wp-json\/wp\/v2\/pages\/1019\/revisions"}],"predecessor-version":[{"id":1025,"href":"https:\/\/marinadragos.org\/index.php\/wp-json\/wp\/v2\/pages\/1019\/revisions\/1025"}],"wp:attachment":[{"href":"https:\/\/marinadragos.org\/index.php\/wp-json\/wp\/v2\/media?parent=1019"}],"curies":[{"name":"wp","href":"https:\/\/api.w.org\/{rel}","templated":true}]}}